{"id":425,"date":"2024-10-14T01:26:24","date_gmt":"2024-10-14T00:26:24","guid":{"rendered":"https:\/\/cmcbaitboat.be\/?post_type=product&#038;p=425"},"modified":"2025-12-29T09:25:51","modified_gmt":"2025-12-29T08:25:51","slug":"toslon-boat-x730","status":"publish","type":"product","link":"https:\/\/cmcbaitboat.be\/?product=toslon-boat-x730","title":{"rendered":"Toslon boat X730"},"content":{"rendered":"<p>Bateau Amorceur Toslon X-Boat 730<\/p>\n<p>Le X-Boat est un bateau amorceur intelligent t\u00e9l\u00e9command\u00e9. Il est id\u00e9al pour tous p\u00e9cheurs souhaitant d\u00e9poser son montage pr\u00e9cis\u00e9ment tout en garantissant un amor\u00e7age\u00a0de qualit\u00e9 autour de son esche.<\/p>\n<p>Le design soign\u00e9 de ce bateau est un m\u00e9lange de supercar et de yacht avec des lignes agressives et modernes.<\/p>\n<p>Ce bateau est \u00e9quip\u00e9 d&rsquo;une poign\u00e9e de transport int\u00e9gr\u00e9e \u00e0 la forme globale, ce qui le rend plus maniable.<\/p>\n<p>Le X-Boat utilise un moteur industriel et une technique d&rsquo;\u00e9tanch\u00e9it\u00e9 double nomm\u00e9e DSS, qui garantit une parfaite \u00e9tanch\u00e9it\u00e9 du bateau m\u00eame avec des conditions mauvaises.<\/p>\n<p>&nbsp;<\/p>\n<p>De plus, le X-Boat est pr\u00e9con\u00e7u pour installer un \u00e9chosondeur, un GPS ou un pilote automatique (non fournis). En combinant votre X-Boat avec un syst\u00e8me de GPS int\u00e9gr\u00e9, vous aurez acc\u00e8s \u00e0 un des bateaux amorceurs les plus fiables du march\u00e9, avec une port\u00e9e pouvant aller jusqu\u2019\u00e0 1 km, une pr\u00e9cision\u00a0inimitable et stabilit\u00e9 une sans faille.<\/p>\n<p>Effectivement, tout le syst\u00e8me \u00e9lectronique pr\u00e9sent dans la coque du X-Boat est \u00e9quilibr\u00e9s dans les deux flotteurs afin de garantir une bonne stabilit\u00e9, m\u00eame par mauvais temps.<\/p>\n<p>&nbsp;<\/p>\n<p>Le double syst\u00e8me d&rsquo;ouverture de trappe ind\u00e9pendante permet ainsi de pouvoir ouvrir uniquement la gauche ou la droite. G\u00e9r\u00e9 par un syst\u00e8me de double v\u00e9rin vous pourrez alors g\u00e9rer l&rsquo;ouverture avec une grande pr\u00e9cision.<\/p>\n<p>De plus, en cas d\u2019utilisation de nuit, lors de l&rsquo;ouverture d&rsquo;une trappe, la lumi\u00e8re arri\u00e8re correspondant au c\u00f4t\u00e9 de la trappe clignotera afin de vous signaler son ouverture.<\/p>\n<p>Enfin, sa conception est pourvu d&rsquo;une ouverture progressive g\u00e9rable depuis la t\u00e9l\u00e9commande, vous pourrez alors employer tout type d&rsquo;app\u00e2t pour votre amor\u00e7age y compris des graines avec du liquide.<\/p>\n<p>&nbsp;<\/p>\n<ul>\n<li>T\u00e9l\u00e9commande FlySky 2.4 GHz 6 canaux<\/li>\n<li>Deux Batterie Li-ion (12 000 mAh \/ 12V) &#8211; 5h d&rsquo;autonomie en vitesse maximale<\/li>\n<li>Sac rembourr\u00e9 pour les accessoires<\/li>\n<li>Sac rembourr\u00e9 pour le X-Boat<\/li>\n<li>2 ans de garantie<\/li>\n<\/ul>\n<p>&nbsp;<\/p>\n<ul>\n<li>Capacit\u00e9 d\u2019app\u00e2ts 5 kg \/ 5L (2.5L par compartiment)<\/li>\n<li>Port\u00e9e de 500 m \u00e0 1 km &#8211; D\u00e9pend des conditions<\/li>\n<li>H\u00e9lices avec protection anti-algues<\/li>\n<li>Syst\u00e8me de trappes \u00e0 ouverture s\u00e9par\u00e9es<\/li>\n<li>Largage magn\u00e9tique des lignes<\/li>\n<li>Moteurs haute performance<\/li>\n<li>Pr\u00e9con\u00e7u pour venir installer un \u00e9chosondeur , un GPS ou un pilote automatique<\/li>\n<\/ul>\n<p>Dimensions : 70 cm x 44 cm x 27 cm &#8211; Poids 7 kg<\/p>\n","protected":false},"excerpt":{"rendered":"<p>Bateau Amorceur Toslon X-Boat 730 Le X-Boat est un bateau amorceur intelligent t\u00e9l\u00e9command\u00e9. Il est id\u00e9al pour tous p\u00e9cheurs souhaitant d\u00e9poser son montage pr\u00e9cis\u00e9ment tout en garantissant un amor\u00e7age\u00a0de qualit\u00e9 autour de son esche. Le design soign\u00e9 de ce bateau est un m\u00e9lange de supercar et de yacht avec des lignes agressives et modernes. Ce [&hellip;]<\/p>\n","protected":false},"featured_media":426,"comment_status":"open","ping_status":"closed","template":"","meta":[],"product_brand":[],"product_cat":[16],"product_tag":[],"class_list":{"0":"post-425","1":"product","2":"type-product","3":"status-publish","4":"has-post-thumbnail","6":"product_cat-non-classe","8":"first","9":"instock","10":"shipping-taxable","11":"purchasable","12":"product-type-simple"},"yoast_head":"<!-- This site is optimized with the Yoast SEO plugin v27.3 - https:\/\/yoast.com\/product\/yoast-seo-wordpress\/ -->\n<title>Toslon boat X730 - CMC Bait Boat<\/title>\n<meta name=\"robots\" content=\"index, follow, max-snippet:-1, max-image-preview:large, max-video-preview:-1\" \/>\n<link rel=\"canonical\" href=\"https:\/\/cmcbaitboat.be\/?product=toslon-boat-x730\" \/>\n<meta property=\"og:locale\" content=\"fr_FR\" \/>\n<meta property=\"og:type\" content=\"article\" \/>\n<meta property=\"og:title\" content=\"Toslon boat X730 - CMC Bait Boat\" \/>\n<meta property=\"og:description\" content=\"Bateau Amorceur Toslon X-Boat 730 Le X-Boat est un bateau amorceur intelligent t\u00e9l\u00e9command\u00e9. Il est id\u00e9al pour tous p\u00e9cheurs souhaitant d\u00e9poser son montage pr\u00e9cis\u00e9ment tout en garantissant un amor\u00e7age\u00a0de qualit\u00e9 autour de son esche. Le design soign\u00e9 de ce bateau est un m\u00e9lange de supercar et de yacht avec des lignes agressives et modernes. Ce [&hellip;]\" \/>\n<meta property=\"og:url\" content=\"https:\/\/cmcbaitboat.be\/?product=toslon-boat-x730\" \/>\n<meta property=\"og:site_name\" content=\"CMC Bait Boat\" \/>\n<meta property=\"article:publisher\" content=\"https:\/\/www.facebook.com\/cmc.cmcbaitboat.9\" \/>\n<meta property=\"article:modified_time\" content=\"2025-12-29T08:25:51+00:00\" \/>\n<meta property=\"og:image\" content=\"https:\/\/cmcbaitboat.be\/wp-content\/uploads\/2024\/10\/Capture-decran-2024-10-14-021512.jpg\" \/>\n\t<meta property=\"og:image:width\" content=\"687\" \/>\n\t<meta property=\"og:image:height\" content=\"365\" \/>\n\t<meta property=\"og:image:type\" content=\"image\/jpeg\" \/>\n<meta name=\"twitter:card\" content=\"summary_large_image\" \/>\n<meta name=\"twitter:label1\" content=\"Dur\u00e9e de lecture estim\u00e9e\" \/>\n\t<meta name=\"twitter:data1\" content=\"3 minutes\" \/>\n<script type=\"application\/ld+json\" class=\"yoast-schema-graph\">{\"@context\":\"https:\\\/\\\/schema.org\",\"@graph\":[{\"@type\":\"WebPage\",\"@id\":\"https:\\\/\\\/cmcbaitboat.be\\\/?product=toslon-boat-x730\",\"url\":\"https:\\\/\\\/cmcbaitboat.be\\\/?product=toslon-boat-x730\",\"name\":\"Toslon boat X730 - CMC Bait Boat\",\"isPartOf\":{\"@id\":\"https:\\\/\\\/cmcbaitboat.be\\\/#website\"},\"primaryImageOfPage\":{\"@id\":\"https:\\\/\\\/cmcbaitboat.be\\\/?product=toslon-boat-x730#primaryimage\"},\"image\":{\"@id\":\"https:\\\/\\\/cmcbaitboat.be\\\/?product=toslon-boat-x730#primaryimage\"},\"thumbnailUrl\":\"https:\\\/\\\/cmcbaitboat.be\\\/wp-content\\\/uploads\\\/2024\\\/10\\\/Capture-decran-2024-10-14-021512.jpg\",\"datePublished\":\"2024-10-14T00:26:24+00:00\",\"dateModified\":\"2025-12-29T08:25:51+00:00\",\"breadcrumb\":{\"@id\":\"https:\\\/\\\/cmcbaitboat.be\\\/?product=toslon-boat-x730#breadcrumb\"},\"inLanguage\":\"fr-FR\",\"potentialAction\":[{\"@type\":\"ReadAction\",\"target\":[\"https:\\\/\\\/cmcbaitboat.be\\\/?product=toslon-boat-x730\"]}]},{\"@type\":\"ImageObject\",\"inLanguage\":\"fr-FR\",\"@id\":\"https:\\\/\\\/cmcbaitboat.be\\\/?product=toslon-boat-x730#primaryimage\",\"url\":\"https:\\\/\\\/cmcbaitboat.be\\\/wp-content\\\/uploads\\\/2024\\\/10\\\/Capture-decran-2024-10-14-021512.jpg\",\"contentUrl\":\"https:\\\/\\\/cmcbaitboat.be\\\/wp-content\\\/uploads\\\/2024\\\/10\\\/Capture-decran-2024-10-14-021512.jpg\",\"width\":687,\"height\":365},{\"@type\":\"BreadcrumbList\",\"@id\":\"https:\\\/\\\/cmcbaitboat.be\\\/?product=toslon-boat-x730#breadcrumb\",\"itemListElement\":[{\"@type\":\"ListItem\",\"position\":1,\"name\":\"Accueil\",\"item\":\"https:\\\/\\\/cmcbaitboat.be\\\/\"},{\"@type\":\"ListItem\",\"position\":2,\"name\":\"Boutique\",\"item\":\"https:\\\/\\\/cmcbaitboat.be\\\/?page_id=227\"},{\"@type\":\"ListItem\",\"position\":3,\"name\":\"Toslon boat X730\"}]},{\"@type\":\"WebSite\",\"@id\":\"https:\\\/\\\/cmcbaitboat.be\\\/#website\",\"url\":\"https:\\\/\\\/cmcbaitboat.be\\\/\",\"name\":\"CMC Bait Boat\",\"description\":\"\",\"publisher\":{\"@id\":\"https:\\\/\\\/cmcbaitboat.be\\\/#organization\"},\"potentialAction\":[{\"@type\":\"SearchAction\",\"target\":{\"@type\":\"EntryPoint\",\"urlTemplate\":\"https:\\\/\\\/cmcbaitboat.be\\\/?s={search_term_string}\"},\"query-input\":{\"@type\":\"PropertyValueSpecification\",\"valueRequired\":true,\"valueName\":\"search_term_string\"}}],\"inLanguage\":\"fr-FR\"},{\"@type\":\"Organization\",\"@id\":\"https:\\\/\\\/cmcbaitboat.be\\\/#organization\",\"name\":\"CMC Bait Boat\",\"url\":\"https:\\\/\\\/cmcbaitboat.be\\\/\",\"logo\":{\"@type\":\"ImageObject\",\"inLanguage\":\"fr-FR\",\"@id\":\"https:\\\/\\\/cmcbaitboat.be\\\/#\\\/schema\\\/logo\\\/image\\\/\",\"url\":\"https:\\\/\\\/cmcbaitboat.be\\\/wp-content\\\/uploads\\\/2022\\\/02\\\/logon.jpg\",\"contentUrl\":\"https:\\\/\\\/cmcbaitboat.be\\\/wp-content\\\/uploads\\\/2022\\\/02\\\/logon.jpg\",\"width\":1315,\"height\":1144,\"caption\":\"CMC Bait Boat\"},\"image\":{\"@id\":\"https:\\\/\\\/cmcbaitboat.be\\\/#\\\/schema\\\/logo\\\/image\\\/\"},\"sameAs\":[\"https:\\\/\\\/www.facebook.com\\\/cmc.cmcbaitboat.9\"]}]}<\/script>\n<!-- \/ Yoast SEO plugin. -->","yoast_head_json":{"title":"Toslon boat X730 - CMC Bait Boat","robots":{"index":"index","follow":"follow","max-snippet":"max-snippet:-1","max-image-preview":"max-image-preview:large","max-video-preview":"max-video-preview:-1"},"canonical":"https:\/\/cmcbaitboat.be\/?product=toslon-boat-x730","og_locale":"fr_FR","og_type":"article","og_title":"Toslon boat X730 - CMC Bait Boat","og_description":"Bateau Amorceur Toslon X-Boat 730 Le X-Boat est un bateau amorceur intelligent t\u00e9l\u00e9command\u00e9. Il est id\u00e9al pour tous p\u00e9cheurs souhaitant d\u00e9poser son montage pr\u00e9cis\u00e9ment tout en garantissant un amor\u00e7age\u00a0de qualit\u00e9 autour de son esche. Le design soign\u00e9 de ce bateau est un m\u00e9lange de supercar et de yacht avec des lignes agressives et modernes. Ce [&hellip;]","og_url":"https:\/\/cmcbaitboat.be\/?product=toslon-boat-x730","og_site_name":"CMC Bait Boat","article_publisher":"https:\/\/www.facebook.com\/cmc.cmcbaitboat.9","article_modified_time":"2025-12-29T08:25:51+00:00","og_image":[{"width":687,"height":365,"url":"https:\/\/cmcbaitboat.be\/wp-content\/uploads\/2024\/10\/Capture-decran-2024-10-14-021512.jpg","type":"image\/jpeg"}],"twitter_card":"summary_large_image","twitter_misc":{"Dur\u00e9e de lecture estim\u00e9e":"3 minutes"},"schema":{"@context":"https:\/\/schema.org","@graph":[{"@type":"WebPage","@id":"https:\/\/cmcbaitboat.be\/?product=toslon-boat-x730","url":"https:\/\/cmcbaitboat.be\/?product=toslon-boat-x730","name":"Toslon boat X730 - CMC Bait Boat","isPartOf":{"@id":"https:\/\/cmcbaitboat.be\/#website"},"primaryImageOfPage":{"@id":"https:\/\/cmcbaitboat.be\/?product=toslon-boat-x730#primaryimage"},"image":{"@id":"https:\/\/cmcbaitboat.be\/?product=toslon-boat-x730#primaryimage"},"thumbnailUrl":"https:\/\/cmcbaitboat.be\/wp-content\/uploads\/2024\/10\/Capture-decran-2024-10-14-021512.jpg","datePublished":"2024-10-14T00:26:24+00:00","dateModified":"2025-12-29T08:25:51+00:00","breadcrumb":{"@id":"https:\/\/cmcbaitboat.be\/?product=toslon-boat-x730#breadcrumb"},"inLanguage":"fr-FR","potentialAction":[{"@type":"ReadAction","target":["https:\/\/cmcbaitboat.be\/?product=toslon-boat-x730"]}]},{"@type":"ImageObject","inLanguage":"fr-FR","@id":"https:\/\/cmcbaitboat.be\/?product=toslon-boat-x730#primaryimage","url":"https:\/\/cmcbaitboat.be\/wp-content\/uploads\/2024\/10\/Capture-decran-2024-10-14-021512.jpg","contentUrl":"https:\/\/cmcbaitboat.be\/wp-content\/uploads\/2024\/10\/Capture-decran-2024-10-14-021512.jpg","width":687,"height":365},{"@type":"BreadcrumbList","@id":"https:\/\/cmcbaitboat.be\/?product=toslon-boat-x730#breadcrumb","itemListElement":[{"@type":"ListItem","position":1,"name":"Accueil","item":"https:\/\/cmcbaitboat.be\/"},{"@type":"ListItem","position":2,"name":"Boutique","item":"https:\/\/cmcbaitboat.be\/?page_id=227"},{"@type":"ListItem","position":3,"name":"Toslon boat X730"}]},{"@type":"WebSite","@id":"https:\/\/cmcbaitboat.be\/#website","url":"https:\/\/cmcbaitboat.be\/","name":"CMC Bait Boat","description":"","publisher":{"@id":"https:\/\/cmcbaitboat.be\/#organization"},"potentialAction":[{"@type":"SearchAction","target":{"@type":"EntryPoint","urlTemplate":"https:\/\/cmcbaitboat.be\/?s={search_term_string}"},"query-input":{"@type":"PropertyValueSpecification","valueRequired":true,"valueName":"search_term_string"}}],"inLanguage":"fr-FR"},{"@type":"Organization","@id":"https:\/\/cmcbaitboat.be\/#organization","name":"CMC Bait Boat","url":"https:\/\/cmcbaitboat.be\/","logo":{"@type":"ImageObject","inLanguage":"fr-FR","@id":"https:\/\/cmcbaitboat.be\/#\/schema\/logo\/image\/","url":"https:\/\/cmcbaitboat.be\/wp-content\/uploads\/2022\/02\/logon.jpg","contentUrl":"https:\/\/cmcbaitboat.be\/wp-content\/uploads\/2022\/02\/logon.jpg","width":1315,"height":1144,"caption":"CMC Bait Boat"},"image":{"@id":"https:\/\/cmcbaitboat.be\/#\/schema\/logo\/image\/"},"sameAs":["https:\/\/www.facebook.com\/cmc.cmcbaitboat.9"]}]}},"jetpack_sharing_enabled":true,"_links":{"self":[{"href":"https:\/\/cmcbaitboat.be\/index.php?rest_route=\/wp\/v2\/product\/425","targetHints":{"allow":["GET"]}}],"collection":[{"href":"https:\/\/cmcbaitboat.be\/index.php?rest_route=\/wp\/v2\/product"}],"about":[{"href":"https:\/\/cmcbaitboat.be\/index.php?rest_route=\/wp\/v2\/types\/product"}],"replies":[{"embeddable":true,"href":"https:\/\/cmcbaitboat.be\/index.php?rest_route=%2Fwp%2Fv2%2Fcomments&post=425"}],"wp:featuredmedia":[{"embeddable":true,"href":"https:\/\/cmcbaitboat.be\/index.php?rest_route=\/wp\/v2\/media\/426"}],"wp:attachment":[{"href":"https:\/\/cmcbaitboat.be\/index.php?rest_route=%2Fwp%2Fv2%2Fmedia&parent=425"}],"wp:term":[{"taxonomy":"product_brand","embeddable":true,"href":"https:\/\/cmcbaitboat.be\/index.php?rest_route=%2Fwp%2Fv2%2Fproduct_brand&post=425"},{"taxonomy":"product_cat","embeddable":true,"href":"https:\/\/cmcbaitboat.be\/index.php?rest_route=%2Fwp%2Fv2%2Fproduct_cat&post=425"},{"taxonomy":"product_tag","embeddable":true,"href":"https:\/\/cmcbaitboat.be\/index.php?rest_route=%2Fwp%2Fv2%2Fproduct_tag&post=425"}],"curies":[{"name":"wp","href":"https:\/\/api.w.org\/{rel}","templated":true}]}}