{"id":56,"date":"2024-03-20T11:37:38","date_gmt":"2024-03-20T10:37:38","guid":{"rendered":"https:\/\/cmcbaitboat.be\/?post_type=product&#038;p=56"},"modified":"2026-04-05T06:48:20","modified_gmt":"2026-04-05T05:48:20","slug":"titan-v2-base","status":"publish","type":"product","link":"https:\/\/cmcbaitboat.be\/?product=titan-v2-base","title":{"rendered":"Titan V2"},"content":{"rendered":"<p><img fetchpriority=\"high\" decoding=\"async\" class=\"alignnone size-medium wp-image-58\" src=\"https:\/\/cmcbaitboat.be\/wp-content\/uploads\/2024\/03\/331978570_746270300144868_2779501584537493544_n-300x187.jpg\" alt=\"Titan V2\" width=\"300\" height=\"187\" srcset=\"https:\/\/cmcbaitboat.be\/wp-content\/uploads\/2024\/03\/331978570_746270300144868_2779501584537493544_n-300x187.jpg 300w, https:\/\/cmcbaitboat.be\/wp-content\/uploads\/2024\/03\/331978570_746270300144868_2779501584537493544_n-600x374.jpg 600w, https:\/\/cmcbaitboat.be\/wp-content\/uploads\/2024\/03\/331978570_746270300144868_2779501584537493544_n-1024x638.jpg 1024w, https:\/\/cmcbaitboat.be\/wp-content\/uploads\/2024\/03\/331978570_746270300144868_2779501584537493544_n-768x479.jpg 768w, https:\/\/cmcbaitboat.be\/wp-content\/uploads\/2024\/03\/331978570_746270300144868_2779501584537493544_n-1536x957.jpg 1536w, https:\/\/cmcbaitboat.be\/wp-content\/uploads\/2024\/03\/331978570_746270300144868_2779501584537493544_n-1240x773.jpg 1240w, https:\/\/cmcbaitboat.be\/wp-content\/uploads\/2024\/03\/331978570_746270300144868_2779501584537493544_n-508x317.jpg 508w, https:\/\/cmcbaitboat.be\/wp-content\/uploads\/2024\/03\/331978570_746270300144868_2779501584537493544_n.jpg 2048w\" sizes=\"(max-width: 300px) 100vw, 300px\" \/><\/p>\n<p>Titan V2\u00a0 con\u00e7u avec un cahier de charge tr\u00e8s rigoureux et avec des pi\u00e8ces de grande qualit\u00e9 sont car\u00e9nage\u00a0 mouler dans L&rsquo;ABS PMMA avec un traitement\u00a0 ANTI UV DE 6MM\u00a0 \u00e0 \u00e9t\u00e9 \u00e9tudier de fa\u00e7on \u00e0 glisser sur l&rsquo;eau comme un cygne et de r\u00e9sister au intemp\u00e9rie au choc ect .. ,tr\u00e8s silencieux\u00a0 \u2026 propulser par deux moteurs de grand couple\u00a0 ,\u00a0 dot\u00e9e de deux batterie au lithium de 12000 mAh\u00a0 qui lui procure une autonomie de +- 16klm\u00a0 , trappe d&rsquo;amor\u00e7age automatique en carbone\u00a0 tr\u00e9mie de +- 2.5kg billes 16mm , poign\u00e9e basculante en carbone\u00a0 , tuy\u00e8re d\u00e9coup\u00e9 au laser carbone , coiffe a batterie carbone , phare r\u00e9glable progressif\u00a0 .<\/p>\n<p>Garantie total 48 mois<\/p>\n<p>Dimension 70 x 55 x 36 cm<\/p>\n<p>Poids en ordre de marche 9.5 kg<\/p>\n<p>Couleur de la visserie et logo au choix\u00a0 nous le pr\u00e9ciser l&rsquo;or de votre commande merci .<\/p>\n<p>Vert , rouge , mauve , noir , or, bleu foncer , bleu \u00e9lectrique , rose ,rouge .<\/p>\n<p>&nbsp;<\/p>\n<p><iframe title=\"bon\" width=\"500\" height=\"281\" src=\"https:\/\/www.youtube.com\/embed\/gBxfrJEDWC8?feature=oembed\" frameborder=\"0\" allow=\"accelerometer; autoplay; clipboard-write; encrypted-media; gyroscope; picture-in-picture; web-share\" referrerpolicy=\"strict-origin-when-cross-origin\" allowfullscreen><\/iframe><\/p>\n<p><img decoding=\"async\" class=\"alignnone size-medium wp-image-110\" src=\"https:\/\/cmcbaitboat.be\/wp-content\/uploads\/2024\/03\/attention-danger-signe-attention-alerte-icone-logo-exclamation-alerte-vecteur-attention_41737-1005-300x300.webp\" alt=\"\" width=\"300\" height=\"300\" srcset=\"https:\/\/cmcbaitboat.be\/wp-content\/uploads\/2024\/03\/attention-danger-signe-attention-alerte-icone-logo-exclamation-alerte-vecteur-attention_41737-1005-300x300.webp 300w, https:\/\/cmcbaitboat.be\/wp-content\/uploads\/2024\/03\/attention-danger-signe-attention-alerte-icone-logo-exclamation-alerte-vecteur-attention_41737-1005-150x150.webp 150w, https:\/\/cmcbaitboat.be\/wp-content\/uploads\/2024\/03\/attention-danger-signe-attention-alerte-icone-logo-exclamation-alerte-vecteur-attention_41737-1005-600x600.webp 600w, https:\/\/cmcbaitboat.be\/wp-content\/uploads\/2024\/03\/attention-danger-signe-attention-alerte-icone-logo-exclamation-alerte-vecteur-attention_41737-1005-100x100.webp 100w, https:\/\/cmcbaitboat.be\/wp-content\/uploads\/2024\/03\/attention-danger-signe-attention-alerte-icone-logo-exclamation-alerte-vecteur-attention_41737-1005.webp 626w\" sizes=\"(max-width: 300px) 100vw, 300px\" \/>Un temp de fabrication varie selon la demande\u00a0 \u00a0de 4 \u00e0 5 semaines\u00a0 &#8230;&#8230;&#8230;..<\/p>\n<p>&nbsp;<\/p>\n","protected":false},"excerpt":{"rendered":"<p><img fetchpriority=\"high\" decoding=\"async\" class=\"alignnone size-medium wp-image-58\" src=\"https:\/\/cmcbaitboat.be\/wp-content\/uploads\/2024\/03\/331978570_746270300144868_2779501584537493544_n-300x187.jpg\" alt=\"Titan V2\" width=\"300\" height=\"187\" srcset=\"https:\/\/cmcbaitboat.be\/wp-content\/uploads\/2024\/03\/331978570_746270300144868_2779501584537493544_n-300x187.jpg 300w, https:\/\/cmcbaitboat.be\/wp-content\/uploads\/2024\/03\/331978570_746270300144868_2779501584537493544_n-600x374.jpg 600w, https:\/\/cmcbaitboat.be\/wp-content\/uploads\/2024\/03\/331978570_746270300144868_2779501584537493544_n-1024x638.jpg 1024w, https:\/\/cmcbaitboat.be\/wp-content\/uploads\/2024\/03\/331978570_746270300144868_2779501584537493544_n-768x479.jpg 768w, https:\/\/cmcbaitboat.be\/wp-content\/uploads\/2024\/03\/331978570_746270300144868_2779501584537493544_n-1536x957.jpg 1536w, https:\/\/cmcbaitboat.be\/wp-content\/uploads\/2024\/03\/331978570_746270300144868_2779501584537493544_n-1240x773.jpg 1240w, https:\/\/cmcbaitboat.be\/wp-content\/uploads\/2024\/03\/331978570_746270300144868_2779501584537493544_n-508x317.jpg 508w, https:\/\/cmcbaitboat.be\/wp-content\/uploads\/2024\/03\/331978570_746270300144868_2779501584537493544_n.jpg 2048w\" sizes=\"(max-width: 300px) 100vw, 300px\" \/><\/p>\n","protected":false},"featured_media":58,"comment_status":"open","ping_status":"closed","template":"","meta":[],"product_brand":[],"product_cat":[16],"product_tag":[],"class_list":{"0":"post-56","1":"product","2":"type-product","3":"status-publish","4":"has-post-thumbnail","6":"product_cat-non-classe","8":"first","9":"instock","10":"sale","11":"featured","12":"shipping-taxable","13":"purchasable","14":"product-type-simple"},"yoast_head":"<!-- This site is optimized with the Yoast SEO plugin v27.3 - https:\/\/yoast.com\/product\/yoast-seo-wordpress\/ -->\n<title>Titan V2 - CMC Bait Boat<\/title>\n<meta name=\"description\" content=\"Bateau de p\u00eache Titan V2 (version de base) Robuste, Fiable, Insubmersible, Personnalisable. Ajout de diff\u00e9rentes fonctionnalit\u00e9s possible. % %\" \/>\n<meta name=\"robots\" content=\"index, follow, max-snippet:-1, max-image-preview:large, max-video-preview:-1\" \/>\n<link rel=\"canonical\" href=\"https:\/\/cmcbaitboat.be\/?product=titan-v2-base\" \/>\n<meta property=\"og:locale\" content=\"fr_FR\" \/>\n<meta property=\"og:type\" content=\"article\" \/>\n<meta property=\"og:title\" content=\"Titan V2 - CMC Bait Boat\" \/>\n<meta property=\"og:description\" content=\"Bateau de p\u00eache Titan V2 (version de base) Robuste, Fiable, Insubmersible, Personnalisable. Ajout de diff\u00e9rentes fonctionnalit\u00e9s possible. % %\" \/>\n<meta property=\"og:url\" content=\"https:\/\/cmcbaitboat.be\/?product=titan-v2-base\" \/>\n<meta property=\"og:site_name\" content=\"CMC Bait Boat\" \/>\n<meta property=\"article:publisher\" content=\"https:\/\/www.facebook.com\/cmc.cmcbaitboat.9\" \/>\n<meta property=\"article:modified_time\" content=\"2026-04-05T05:48:20+00:00\" \/>\n<meta property=\"og:image\" content=\"https:\/\/cmcbaitboat.be\/wp-content\/uploads\/2024\/03\/331978570_746270300144868_2779501584537493544_n.jpg\" \/>\n\t<meta property=\"og:image:width\" content=\"2048\" \/>\n\t<meta property=\"og:image:height\" content=\"1276\" \/>\n\t<meta property=\"og:image:type\" content=\"image\/jpeg\" \/>\n<meta name=\"twitter:card\" content=\"summary_large_image\" \/>\n<meta name=\"twitter:label1\" content=\"Dur\u00e9e de lecture estim\u00e9e\" \/>\n\t<meta name=\"twitter:data1\" content=\"2 minutes\" \/>\n<script type=\"application\/ld+json\" class=\"yoast-schema-graph\">{\"@context\":\"https:\\\/\\\/schema.org\",\"@graph\":[{\"@type\":\"WebPage\",\"@id\":\"https:\\\/\\\/cmcbaitboat.be\\\/?product=titan-v2-base\",\"url\":\"https:\\\/\\\/cmcbaitboat.be\\\/?product=titan-v2-base\",\"name\":\"Titan V2 - CMC Bait Boat\",\"isPartOf\":{\"@id\":\"https:\\\/\\\/cmcbaitboat.be\\\/#website\"},\"primaryImageOfPage\":{\"@id\":\"https:\\\/\\\/cmcbaitboat.be\\\/?product=titan-v2-base#primaryimage\"},\"image\":{\"@id\":\"https:\\\/\\\/cmcbaitboat.be\\\/?product=titan-v2-base#primaryimage\"},\"thumbnailUrl\":\"https:\\\/\\\/cmcbaitboat.be\\\/wp-content\\\/uploads\\\/2024\\\/03\\\/331978570_746270300144868_2779501584537493544_n.jpg\",\"datePublished\":\"2024-03-20T10:37:38+00:00\",\"dateModified\":\"2026-04-05T05:48:20+00:00\",\"description\":\"Bateau de p\u00eache Titan V2 (version de base) Robuste, Fiable, Insubmersible, Personnalisable. Ajout de diff\u00e9rentes fonctionnalit\u00e9s possible. % %\",\"breadcrumb\":{\"@id\":\"https:\\\/\\\/cmcbaitboat.be\\\/?product=titan-v2-base#breadcrumb\"},\"inLanguage\":\"fr-FR\",\"potentialAction\":[{\"@type\":\"ReadAction\",\"target\":[\"https:\\\/\\\/cmcbaitboat.be\\\/?product=titan-v2-base\"]}]},{\"@type\":\"ImageObject\",\"inLanguage\":\"fr-FR\",\"@id\":\"https:\\\/\\\/cmcbaitboat.be\\\/?product=titan-v2-base#primaryimage\",\"url\":\"https:\\\/\\\/cmcbaitboat.be\\\/wp-content\\\/uploads\\\/2024\\\/03\\\/331978570_746270300144868_2779501584537493544_n.jpg\",\"contentUrl\":\"https:\\\/\\\/cmcbaitboat.be\\\/wp-content\\\/uploads\\\/2024\\\/03\\\/331978570_746270300144868_2779501584537493544_n.jpg\",\"width\":2048,\"height\":1276,\"caption\":\"Titan V2\"},{\"@type\":\"BreadcrumbList\",\"@id\":\"https:\\\/\\\/cmcbaitboat.be\\\/?product=titan-v2-base#breadcrumb\",\"itemListElement\":[{\"@type\":\"ListItem\",\"position\":1,\"name\":\"Accueil\",\"item\":\"https:\\\/\\\/cmcbaitboat.be\\\/\"},{\"@type\":\"ListItem\",\"position\":2,\"name\":\"Boutique\",\"item\":\"https:\\\/\\\/cmcbaitboat.be\\\/?page_id=227\"},{\"@type\":\"ListItem\",\"position\":3,\"name\":\"Titan V2\"}]},{\"@type\":\"WebSite\",\"@id\":\"https:\\\/\\\/cmcbaitboat.be\\\/#website\",\"url\":\"https:\\\/\\\/cmcbaitboat.be\\\/\",\"name\":\"CMC Bait Boat\",\"description\":\"\",\"publisher\":{\"@id\":\"https:\\\/\\\/cmcbaitboat.be\\\/#organization\"},\"potentialAction\":[{\"@type\":\"SearchAction\",\"target\":{\"@type\":\"EntryPoint\",\"urlTemplate\":\"https:\\\/\\\/cmcbaitboat.be\\\/?s={search_term_string}\"},\"query-input\":{\"@type\":\"PropertyValueSpecification\",\"valueRequired\":true,\"valueName\":\"search_term_string\"}}],\"inLanguage\":\"fr-FR\"},{\"@type\":\"Organization\",\"@id\":\"https:\\\/\\\/cmcbaitboat.be\\\/#organization\",\"name\":\"CMC Bait Boat\",\"url\":\"https:\\\/\\\/cmcbaitboat.be\\\/\",\"logo\":{\"@type\":\"ImageObject\",\"inLanguage\":\"fr-FR\",\"@id\":\"https:\\\/\\\/cmcbaitboat.be\\\/#\\\/schema\\\/logo\\\/image\\\/\",\"url\":\"https:\\\/\\\/cmcbaitboat.be\\\/wp-content\\\/uploads\\\/2022\\\/02\\\/logon.jpg\",\"contentUrl\":\"https:\\\/\\\/cmcbaitboat.be\\\/wp-content\\\/uploads\\\/2022\\\/02\\\/logon.jpg\",\"width\":1315,\"height\":1144,\"caption\":\"CMC Bait Boat\"},\"image\":{\"@id\":\"https:\\\/\\\/cmcbaitboat.be\\\/#\\\/schema\\\/logo\\\/image\\\/\"},\"sameAs\":[\"https:\\\/\\\/www.facebook.com\\\/cmc.cmcbaitboat.9\"]}]}<\/script>\n<!-- \/ Yoast SEO plugin. -->","yoast_head_json":{"title":"Titan V2 - CMC Bait Boat","description":"Bateau de p\u00eache Titan V2 (version de base) Robuste, Fiable, Insubmersible, Personnalisable. Ajout de diff\u00e9rentes fonctionnalit\u00e9s possible. % %","robots":{"index":"index","follow":"follow","max-snippet":"max-snippet:-1","max-image-preview":"max-image-preview:large","max-video-preview":"max-video-preview:-1"},"canonical":"https:\/\/cmcbaitboat.be\/?product=titan-v2-base","og_locale":"fr_FR","og_type":"article","og_title":"Titan V2 - CMC Bait Boat","og_description":"Bateau de p\u00eache Titan V2 (version de base) Robuste, Fiable, Insubmersible, Personnalisable. Ajout de diff\u00e9rentes fonctionnalit\u00e9s possible. % %","og_url":"https:\/\/cmcbaitboat.be\/?product=titan-v2-base","og_site_name":"CMC Bait Boat","article_publisher":"https:\/\/www.facebook.com\/cmc.cmcbaitboat.9","article_modified_time":"2026-04-05T05:48:20+00:00","og_image":[{"width":2048,"height":1276,"url":"https:\/\/cmcbaitboat.be\/wp-content\/uploads\/2024\/03\/331978570_746270300144868_2779501584537493544_n.jpg","type":"image\/jpeg"}],"twitter_card":"summary_large_image","twitter_misc":{"Dur\u00e9e de lecture estim\u00e9e":"2 minutes"},"schema":{"@context":"https:\/\/schema.org","@graph":[{"@type":"WebPage","@id":"https:\/\/cmcbaitboat.be\/?product=titan-v2-base","url":"https:\/\/cmcbaitboat.be\/?product=titan-v2-base","name":"Titan V2 - CMC Bait Boat","isPartOf":{"@id":"https:\/\/cmcbaitboat.be\/#website"},"primaryImageOfPage":{"@id":"https:\/\/cmcbaitboat.be\/?product=titan-v2-base#primaryimage"},"image":{"@id":"https:\/\/cmcbaitboat.be\/?product=titan-v2-base#primaryimage"},"thumbnailUrl":"https:\/\/cmcbaitboat.be\/wp-content\/uploads\/2024\/03\/331978570_746270300144868_2779501584537493544_n.jpg","datePublished":"2024-03-20T10:37:38+00:00","dateModified":"2026-04-05T05:48:20+00:00","description":"Bateau de p\u00eache Titan V2 (version de base) Robuste, Fiable, Insubmersible, Personnalisable. Ajout de diff\u00e9rentes fonctionnalit\u00e9s possible. % %","breadcrumb":{"@id":"https:\/\/cmcbaitboat.be\/?product=titan-v2-base#breadcrumb"},"inLanguage":"fr-FR","potentialAction":[{"@type":"ReadAction","target":["https:\/\/cmcbaitboat.be\/?product=titan-v2-base"]}]},{"@type":"ImageObject","inLanguage":"fr-FR","@id":"https:\/\/cmcbaitboat.be\/?product=titan-v2-base#primaryimage","url":"https:\/\/cmcbaitboat.be\/wp-content\/uploads\/2024\/03\/331978570_746270300144868_2779501584537493544_n.jpg","contentUrl":"https:\/\/cmcbaitboat.be\/wp-content\/uploads\/2024\/03\/331978570_746270300144868_2779501584537493544_n.jpg","width":2048,"height":1276,"caption":"Titan V2"},{"@type":"BreadcrumbList","@id":"https:\/\/cmcbaitboat.be\/?product=titan-v2-base#breadcrumb","itemListElement":[{"@type":"ListItem","position":1,"name":"Accueil","item":"https:\/\/cmcbaitboat.be\/"},{"@type":"ListItem","position":2,"name":"Boutique","item":"https:\/\/cmcbaitboat.be\/?page_id=227"},{"@type":"ListItem","position":3,"name":"Titan V2"}]},{"@type":"WebSite","@id":"https:\/\/cmcbaitboat.be\/#website","url":"https:\/\/cmcbaitboat.be\/","name":"CMC Bait Boat","description":"","publisher":{"@id":"https:\/\/cmcbaitboat.be\/#organization"},"potentialAction":[{"@type":"SearchAction","target":{"@type":"EntryPoint","urlTemplate":"https:\/\/cmcbaitboat.be\/?s={search_term_string}"},"query-input":{"@type":"PropertyValueSpecification","valueRequired":true,"valueName":"search_term_string"}}],"inLanguage":"fr-FR"},{"@type":"Organization","@id":"https:\/\/cmcbaitboat.be\/#organization","name":"CMC Bait Boat","url":"https:\/\/cmcbaitboat.be\/","logo":{"@type":"ImageObject","inLanguage":"fr-FR","@id":"https:\/\/cmcbaitboat.be\/#\/schema\/logo\/image\/","url":"https:\/\/cmcbaitboat.be\/wp-content\/uploads\/2022\/02\/logon.jpg","contentUrl":"https:\/\/cmcbaitboat.be\/wp-content\/uploads\/2022\/02\/logon.jpg","width":1315,"height":1144,"caption":"CMC Bait Boat"},"image":{"@id":"https:\/\/cmcbaitboat.be\/#\/schema\/logo\/image\/"},"sameAs":["https:\/\/www.facebook.com\/cmc.cmcbaitboat.9"]}]}},"jetpack_sharing_enabled":true,"_links":{"self":[{"href":"https:\/\/cmcbaitboat.be\/index.php?rest_route=\/wp\/v2\/product\/56","targetHints":{"allow":["GET"]}}],"collection":[{"href":"https:\/\/cmcbaitboat.be\/index.php?rest_route=\/wp\/v2\/product"}],"about":[{"href":"https:\/\/cmcbaitboat.be\/index.php?rest_route=\/wp\/v2\/types\/product"}],"replies":[{"embeddable":true,"href":"https:\/\/cmcbaitboat.be\/index.php?rest_route=%2Fwp%2Fv2%2Fcomments&post=56"}],"wp:featuredmedia":[{"embeddable":true,"href":"https:\/\/cmcbaitboat.be\/index.php?rest_route=\/wp\/v2\/media\/58"}],"wp:attachment":[{"href":"https:\/\/cmcbaitboat.be\/index.php?rest_route=%2Fwp%2Fv2%2Fmedia&parent=56"}],"wp:term":[{"taxonomy":"product_brand","embeddable":true,"href":"https:\/\/cmcbaitboat.be\/index.php?rest_route=%2Fwp%2Fv2%2Fproduct_brand&post=56"},{"taxonomy":"product_cat","embeddable":true,"href":"https:\/\/cmcbaitboat.be\/index.php?rest_route=%2Fwp%2Fv2%2Fproduct_cat&post=56"},{"taxonomy":"product_tag","embeddable":true,"href":"https:\/\/cmcbaitboat.be\/index.php?rest_route=%2Fwp%2Fv2%2Fproduct_tag&post=56"}],"curies":[{"name":"wp","href":"https:\/\/api.w.org\/{rel}","templated":true}]}}