{"id":70,"date":"2024-03-20T14:29:35","date_gmt":"2024-03-20T13:29:35","guid":{"rendered":"https:\/\/cmcbaitboat.be\/?post_type=product&#038;p=70"},"modified":"2026-04-05T06:48:55","modified_gmt":"2026-04-05T05:48:55","slug":"sondeur-tolson-tf-740-batterie-lithium-chargeur-et-trepied-inclus","status":"publish","type":"product","link":"https:\/\/cmcbaitboat.be\/?product=sondeur-tolson-tf-740-batterie-lithium-chargeur-et-trepied-inclus","title":{"rendered":"Sondeur Tolson TF 740 (batterie Lithium, chargeur et tr\u00e9pied inclus)"},"content":{"rendered":"<p>Kit Echosondeur Toslon TF740 Couleur + GPS + Autopilote<\/p>\n<p>Le TF740 est sp\u00e9cialement con\u00e7u pour les bateaux amorceur. Il int\u00e8gre un \u00e9chosondeur sans fil, une boussole \u00e0 haute pr\u00e9cision, un GPS et un syst\u00e8me de pilote automatique.<\/p>\n<p>Les fonctions avanc\u00e9es du sonar vous montrent la structure pr\u00e9cise du fond ainsi que la pr\u00e9sence des poissons. Le syst\u00e8me de pilote automatique dirige avec pr\u00e9cision votre bateau vers la cible au pr\u00e9alable enregistr\u00e9e.<\/p>\n<p>C&rsquo;est un v\u00e9ritable syst\u00e8me de conduite autonome, qui peut aider les p\u00eacheurs lors des conditions difficiles, comme dans l&rsquo;obscurit\u00e9 ou dans le brouillard et dans lesquelles il est difficile de guider manuellement son bateau.<\/p>\n<p>Le TF740 prend en charge les fichiers *.kml\u00a0 (pouvant \u00eatre modifi\u00e9s via Google Earth), puis d\u00e9finissez-le comme contour du lac. Il est tr\u00e8s efficace pour aider le p\u00eacheur \u00e0 s\u00e9lectionner pr\u00e9cis\u00e9ment un point GPS afin que le pilote automatique puisse guider votre bateau.<\/p>\n<p>Le TF740 est non seulement un \u00e9chosondeur efficace, mais \u00e9galement un syst\u00e8me d&rsquo;exploitation autonome pour les bateaux amorceur, qui vous garantit, \u00e0 coup sur, de belles sessions de p\u00eache \u00e0 la carpe !<\/p>\n<p>&nbsp;<\/p>\n<p>&nbsp;<\/p>\n<p>GPS &amp; Boussole :<\/p>\n<ul>\n<li>Affichage des donn\u00e9es GPS : distance jusqu&rsquo;\u00e0 la cible, distance jusqu&rsquo;au point de retour, vitesse du bateau, temps de navigation, nombre de satellites, m\u00e9moire de l\u2019itin\u00e9raire, heure du jour, niveau de la batterie principale, etc&#8230;<\/li>\n<li>La boussole indique la direction instantan\u00e9e du cap du bateau sur l&rsquo;\u00e9cran (un \u00ab\u00a0+\u00a0\u00bb rouge sur l&rsquo;\u00e9cran indique la cible)<\/li>\n<li>Indicateur de la position et de la distance du bateau par rapport au \u00ab waypoint \u00bb cible et au \u00ab waypoint \u00bb retour (camps)<\/li>\n<li>Alarme d&rsquo;arriv\u00e9e \u00e0 destination<\/li>\n<li>Alarme en cas de signal perdu<\/li>\n<li>Indication de l&rsquo;\u00e9tat de la r\u00e9ception des satellites par barre de couleur : rouge (entre 0 et 3 satellites) \/ jaune (entre 3 et 6 satellites) \/ bleu ( nombre sup\u00e9rieur \u00e0 6 satellites)<\/li>\n<li>Affichage en degr\u00e9s d\u00e9cimaux (latitude \/ longitude) de la position du bateau<\/li>\n<li>Informations d\u00e9taill\u00e9es sur les \u00ab waypoints \u00bb (ic\u00f4ne, nom, date, etc&#8230;)<\/li>\n<li>Zoom avant \/ arri\u00e8re sur l&rsquo;itin\u00e9raire<\/li>\n<\/ul>\n<p>Sonar :<\/p>\n<ul>\n<li>Adoptez un nouveau syst\u00e8me de sonar sans fil num\u00e9rique<\/li>\n<li>Les fen\u00eatres \u00e9cho-sondeur en temps r\u00e9el affichent les derniers retours de la sonde<\/li>\n<li>La \u00ab Color Line \u00bb s\u00e9pare les poissons, la structure du fond et d\u00e9finit la duret\u00e9 du fond<\/li>\n<li>Afficher la profondeur au-dessus de chaque symbole de poisson<\/li>\n<li>Alarme sondeur : poisson \/ faible profondeur \/ niveau de batterie faible (batterie du bateau et batterie de la t\u00e9l\u00e9commande)<\/li>\n<li>Capteur de temp\u00e9rature int\u00e9gr\u00e9 dans la sonde<\/li>\n<\/ul>\n<p>Auto-pilote :<\/p>\n<ul>\n<li>S\u00e9lectionner un \u00ab\u00a0Waypoint\u00a0\u00bb pr\u00e9-sauvegarder dans votre TF740<\/li>\n<li>Importer un fichier KML et s\u00e9lectionner un Waypoint manuellement sur la carte<\/li>\n<li>Le bouton \u00ab\u00a0Push-Go\u00a0\u00bb d\u00e9marre le pilote automatique rapidement pour un retour rapide du bateau<\/li>\n<li>Syst\u00e8me efficace pour les bateaux \u00e0 1 ou 2 moteurs<\/li>\n<li>La sensibilit\u00e9 de la direction est ajustable<\/li>\n<li>Mode de test c\u00e2blage<\/li>\n<\/ul>\n","protected":false},"excerpt":{"rendered":"<p>Kit Echosondeur Toslon TF740 Couleur + GPS + Autopilote Le TF740 est sp\u00e9cialement con\u00e7u pour les bateaux amorceur. Il int\u00e8gre un \u00e9chosondeur sans fil, une boussole \u00e0 haute pr\u00e9cision, un GPS et un syst\u00e8me de pilote automatique. Les fonctions avanc\u00e9es du sonar vous montrent la structure pr\u00e9cise du fond ainsi que la pr\u00e9sence des poissons. [&hellip;]<\/p>\n","protected":false},"featured_media":63,"comment_status":"open","ping_status":"closed","template":"","meta":[],"product_brand":[],"product_cat":[16],"product_tag":[],"class_list":{"0":"post-70","1":"product","2":"type-product","3":"status-publish","4":"has-post-thumbnail","6":"product_cat-non-classe","8":"first","9":"instock","10":"sale","11":"shipping-taxable","12":"purchasable","13":"product-type-simple"},"yoast_head":"<!-- This site is optimized with the Yoast SEO plugin v27.3 - https:\/\/yoast.com\/product\/yoast-seo-wordpress\/ -->\n<title>Sondeur Tolson TF 740 (batterie Lithium, chargeur et tr\u00e9pied inclus) - CMC Bait Boat<\/title>\n<meta name=\"robots\" content=\"index, follow, max-snippet:-1, max-image-preview:large, max-video-preview:-1\" \/>\n<link rel=\"canonical\" href=\"https:\/\/cmcbaitboat.be\/?product=sondeur-tolson-tf-740-batterie-lithium-chargeur-et-trepied-inclus\" \/>\n<meta property=\"og:locale\" content=\"fr_FR\" \/>\n<meta property=\"og:type\" content=\"article\" \/>\n<meta property=\"og:title\" content=\"Sondeur Tolson TF 740 (batterie Lithium, chargeur et tr\u00e9pied inclus) - CMC Bait Boat\" \/>\n<meta property=\"og:description\" content=\"Kit Echosondeur Toslon TF740 Couleur + GPS + Autopilote Le TF740 est sp\u00e9cialement con\u00e7u pour les bateaux amorceur. Il int\u00e8gre un \u00e9chosondeur sans fil, une boussole \u00e0 haute pr\u00e9cision, un GPS et un syst\u00e8me de pilote automatique. Les fonctions avanc\u00e9es du sonar vous montrent la structure pr\u00e9cise du fond ainsi que la pr\u00e9sence des poissons. [&hellip;]\" \/>\n<meta property=\"og:url\" content=\"https:\/\/cmcbaitboat.be\/?product=sondeur-tolson-tf-740-batterie-lithium-chargeur-et-trepied-inclus\" \/>\n<meta property=\"og:site_name\" content=\"CMC Bait Boat\" \/>\n<meta property=\"article:publisher\" content=\"https:\/\/www.facebook.com\/cmc.cmcbaitboat.9\" \/>\n<meta property=\"article:modified_time\" content=\"2026-04-05T05:48:55+00:00\" \/>\n<meta property=\"og:image\" content=\"https:\/\/cmcbaitboat.be\/wp-content\/uploads\/2024\/03\/Capture-decran-2024-03-17-105516.png\" \/>\n\t<meta property=\"og:image:width\" content=\"561\" \/>\n\t<meta property=\"og:image:height\" content=\"777\" \/>\n\t<meta property=\"og:image:type\" content=\"image\/png\" \/>\n<meta name=\"twitter:card\" content=\"summary_large_image\" \/>\n<meta name=\"twitter:label1\" content=\"Dur\u00e9e de lecture estim\u00e9e\" \/>\n\t<meta name=\"twitter:data1\" content=\"3 minutes\" \/>\n<script type=\"application\/ld+json\" class=\"yoast-schema-graph\">{\"@context\":\"https:\\\/\\\/schema.org\",\"@graph\":[{\"@type\":\"WebPage\",\"@id\":\"https:\\\/\\\/cmcbaitboat.be\\\/?product=sondeur-tolson-tf-740-batterie-lithium-chargeur-et-trepied-inclus\",\"url\":\"https:\\\/\\\/cmcbaitboat.be\\\/?product=sondeur-tolson-tf-740-batterie-lithium-chargeur-et-trepied-inclus\",\"name\":\"Sondeur Tolson TF 740 (batterie Lithium, chargeur et tr\u00e9pied inclus) - CMC Bait Boat\",\"isPartOf\":{\"@id\":\"https:\\\/\\\/cmcbaitboat.be\\\/#website\"},\"primaryImageOfPage\":{\"@id\":\"https:\\\/\\\/cmcbaitboat.be\\\/?product=sondeur-tolson-tf-740-batterie-lithium-chargeur-et-trepied-inclus#primaryimage\"},\"image\":{\"@id\":\"https:\\\/\\\/cmcbaitboat.be\\\/?product=sondeur-tolson-tf-740-batterie-lithium-chargeur-et-trepied-inclus#primaryimage\"},\"thumbnailUrl\":\"https:\\\/\\\/cmcbaitboat.be\\\/wp-content\\\/uploads\\\/2024\\\/03\\\/Capture-decran-2024-03-17-105516.png\",\"datePublished\":\"2024-03-20T13:29:35+00:00\",\"dateModified\":\"2026-04-05T05:48:55+00:00\",\"breadcrumb\":{\"@id\":\"https:\\\/\\\/cmcbaitboat.be\\\/?product=sondeur-tolson-tf-740-batterie-lithium-chargeur-et-trepied-inclus#breadcrumb\"},\"inLanguage\":\"fr-FR\",\"potentialAction\":[{\"@type\":\"ReadAction\",\"target\":[\"https:\\\/\\\/cmcbaitboat.be\\\/?product=sondeur-tolson-tf-740-batterie-lithium-chargeur-et-trepied-inclus\"]}]},{\"@type\":\"ImageObject\",\"inLanguage\":\"fr-FR\",\"@id\":\"https:\\\/\\\/cmcbaitboat.be\\\/?product=sondeur-tolson-tf-740-batterie-lithium-chargeur-et-trepied-inclus#primaryimage\",\"url\":\"https:\\\/\\\/cmcbaitboat.be\\\/wp-content\\\/uploads\\\/2024\\\/03\\\/Capture-decran-2024-03-17-105516.png\",\"contentUrl\":\"https:\\\/\\\/cmcbaitboat.be\\\/wp-content\\\/uploads\\\/2024\\\/03\\\/Capture-decran-2024-03-17-105516.png\",\"width\":561,\"height\":777},{\"@type\":\"BreadcrumbList\",\"@id\":\"https:\\\/\\\/cmcbaitboat.be\\\/?product=sondeur-tolson-tf-740-batterie-lithium-chargeur-et-trepied-inclus#breadcrumb\",\"itemListElement\":[{\"@type\":\"ListItem\",\"position\":1,\"name\":\"Accueil\",\"item\":\"https:\\\/\\\/cmcbaitboat.be\\\/\"},{\"@type\":\"ListItem\",\"position\":2,\"name\":\"Boutique\",\"item\":\"https:\\\/\\\/cmcbaitboat.be\\\/?page_id=227\"},{\"@type\":\"ListItem\",\"position\":3,\"name\":\"Sondeur Tolson TF 740 (batterie Lithium, chargeur et tr\u00e9pied inclus)\"}]},{\"@type\":\"WebSite\",\"@id\":\"https:\\\/\\\/cmcbaitboat.be\\\/#website\",\"url\":\"https:\\\/\\\/cmcbaitboat.be\\\/\",\"name\":\"CMC Bait Boat\",\"description\":\"\",\"publisher\":{\"@id\":\"https:\\\/\\\/cmcbaitboat.be\\\/#organization\"},\"potentialAction\":[{\"@type\":\"SearchAction\",\"target\":{\"@type\":\"EntryPoint\",\"urlTemplate\":\"https:\\\/\\\/cmcbaitboat.be\\\/?s={search_term_string}\"},\"query-input\":{\"@type\":\"PropertyValueSpecification\",\"valueRequired\":true,\"valueName\":\"search_term_string\"}}],\"inLanguage\":\"fr-FR\"},{\"@type\":\"Organization\",\"@id\":\"https:\\\/\\\/cmcbaitboat.be\\\/#organization\",\"name\":\"CMC Bait Boat\",\"url\":\"https:\\\/\\\/cmcbaitboat.be\\\/\",\"logo\":{\"@type\":\"ImageObject\",\"inLanguage\":\"fr-FR\",\"@id\":\"https:\\\/\\\/cmcbaitboat.be\\\/#\\\/schema\\\/logo\\\/image\\\/\",\"url\":\"https:\\\/\\\/cmcbaitboat.be\\\/wp-content\\\/uploads\\\/2022\\\/02\\\/logon.jpg\",\"contentUrl\":\"https:\\\/\\\/cmcbaitboat.be\\\/wp-content\\\/uploads\\\/2022\\\/02\\\/logon.jpg\",\"width\":1315,\"height\":1144,\"caption\":\"CMC Bait Boat\"},\"image\":{\"@id\":\"https:\\\/\\\/cmcbaitboat.be\\\/#\\\/schema\\\/logo\\\/image\\\/\"},\"sameAs\":[\"https:\\\/\\\/www.facebook.com\\\/cmc.cmcbaitboat.9\"]}]}<\/script>\n<!-- \/ Yoast SEO plugin. -->","yoast_head_json":{"title":"Sondeur Tolson TF 740 (batterie Lithium, chargeur et tr\u00e9pied inclus) - CMC Bait Boat","robots":{"index":"index","follow":"follow","max-snippet":"max-snippet:-1","max-image-preview":"max-image-preview:large","max-video-preview":"max-video-preview:-1"},"canonical":"https:\/\/cmcbaitboat.be\/?product=sondeur-tolson-tf-740-batterie-lithium-chargeur-et-trepied-inclus","og_locale":"fr_FR","og_type":"article","og_title":"Sondeur Tolson TF 740 (batterie Lithium, chargeur et tr\u00e9pied inclus) - CMC Bait Boat","og_description":"Kit Echosondeur Toslon TF740 Couleur + GPS + Autopilote Le TF740 est sp\u00e9cialement con\u00e7u pour les bateaux amorceur. Il int\u00e8gre un \u00e9chosondeur sans fil, une boussole \u00e0 haute pr\u00e9cision, un GPS et un syst\u00e8me de pilote automatique. Les fonctions avanc\u00e9es du sonar vous montrent la structure pr\u00e9cise du fond ainsi que la pr\u00e9sence des poissons. [&hellip;]","og_url":"https:\/\/cmcbaitboat.be\/?product=sondeur-tolson-tf-740-batterie-lithium-chargeur-et-trepied-inclus","og_site_name":"CMC Bait Boat","article_publisher":"https:\/\/www.facebook.com\/cmc.cmcbaitboat.9","article_modified_time":"2026-04-05T05:48:55+00:00","og_image":[{"width":561,"height":777,"url":"https:\/\/cmcbaitboat.be\/wp-content\/uploads\/2024\/03\/Capture-decran-2024-03-17-105516.png","type":"image\/png"}],"twitter_card":"summary_large_image","twitter_misc":{"Dur\u00e9e de lecture estim\u00e9e":"3 minutes"},"schema":{"@context":"https:\/\/schema.org","@graph":[{"@type":"WebPage","@id":"https:\/\/cmcbaitboat.be\/?product=sondeur-tolson-tf-740-batterie-lithium-chargeur-et-trepied-inclus","url":"https:\/\/cmcbaitboat.be\/?product=sondeur-tolson-tf-740-batterie-lithium-chargeur-et-trepied-inclus","name":"Sondeur Tolson TF 740 (batterie Lithium, chargeur et tr\u00e9pied inclus) - CMC Bait Boat","isPartOf":{"@id":"https:\/\/cmcbaitboat.be\/#website"},"primaryImageOfPage":{"@id":"https:\/\/cmcbaitboat.be\/?product=sondeur-tolson-tf-740-batterie-lithium-chargeur-et-trepied-inclus#primaryimage"},"image":{"@id":"https:\/\/cmcbaitboat.be\/?product=sondeur-tolson-tf-740-batterie-lithium-chargeur-et-trepied-inclus#primaryimage"},"thumbnailUrl":"https:\/\/cmcbaitboat.be\/wp-content\/uploads\/2024\/03\/Capture-decran-2024-03-17-105516.png","datePublished":"2024-03-20T13:29:35+00:00","dateModified":"2026-04-05T05:48:55+00:00","breadcrumb":{"@id":"https:\/\/cmcbaitboat.be\/?product=sondeur-tolson-tf-740-batterie-lithium-chargeur-et-trepied-inclus#breadcrumb"},"inLanguage":"fr-FR","potentialAction":[{"@type":"ReadAction","target":["https:\/\/cmcbaitboat.be\/?product=sondeur-tolson-tf-740-batterie-lithium-chargeur-et-trepied-inclus"]}]},{"@type":"ImageObject","inLanguage":"fr-FR","@id":"https:\/\/cmcbaitboat.be\/?product=sondeur-tolson-tf-740-batterie-lithium-chargeur-et-trepied-inclus#primaryimage","url":"https:\/\/cmcbaitboat.be\/wp-content\/uploads\/2024\/03\/Capture-decran-2024-03-17-105516.png","contentUrl":"https:\/\/cmcbaitboat.be\/wp-content\/uploads\/2024\/03\/Capture-decran-2024-03-17-105516.png","width":561,"height":777},{"@type":"BreadcrumbList","@id":"https:\/\/cmcbaitboat.be\/?product=sondeur-tolson-tf-740-batterie-lithium-chargeur-et-trepied-inclus#breadcrumb","itemListElement":[{"@type":"ListItem","position":1,"name":"Accueil","item":"https:\/\/cmcbaitboat.be\/"},{"@type":"ListItem","position":2,"name":"Boutique","item":"https:\/\/cmcbaitboat.be\/?page_id=227"},{"@type":"ListItem","position":3,"name":"Sondeur Tolson TF 740 (batterie Lithium, chargeur et tr\u00e9pied inclus)"}]},{"@type":"WebSite","@id":"https:\/\/cmcbaitboat.be\/#website","url":"https:\/\/cmcbaitboat.be\/","name":"CMC Bait Boat","description":"","publisher":{"@id":"https:\/\/cmcbaitboat.be\/#organization"},"potentialAction":[{"@type":"SearchAction","target":{"@type":"EntryPoint","urlTemplate":"https:\/\/cmcbaitboat.be\/?s={search_term_string}"},"query-input":{"@type":"PropertyValueSpecification","valueRequired":true,"valueName":"search_term_string"}}],"inLanguage":"fr-FR"},{"@type":"Organization","@id":"https:\/\/cmcbaitboat.be\/#organization","name":"CMC Bait Boat","url":"https:\/\/cmcbaitboat.be\/","logo":{"@type":"ImageObject","inLanguage":"fr-FR","@id":"https:\/\/cmcbaitboat.be\/#\/schema\/logo\/image\/","url":"https:\/\/cmcbaitboat.be\/wp-content\/uploads\/2022\/02\/logon.jpg","contentUrl":"https:\/\/cmcbaitboat.be\/wp-content\/uploads\/2022\/02\/logon.jpg","width":1315,"height":1144,"caption":"CMC Bait Boat"},"image":{"@id":"https:\/\/cmcbaitboat.be\/#\/schema\/logo\/image\/"},"sameAs":["https:\/\/www.facebook.com\/cmc.cmcbaitboat.9"]}]}},"jetpack_sharing_enabled":true,"_links":{"self":[{"href":"https:\/\/cmcbaitboat.be\/index.php?rest_route=\/wp\/v2\/product\/70","targetHints":{"allow":["GET"]}}],"collection":[{"href":"https:\/\/cmcbaitboat.be\/index.php?rest_route=\/wp\/v2\/product"}],"about":[{"href":"https:\/\/cmcbaitboat.be\/index.php?rest_route=\/wp\/v2\/types\/product"}],"replies":[{"embeddable":true,"href":"https:\/\/cmcbaitboat.be\/index.php?rest_route=%2Fwp%2Fv2%2Fcomments&post=70"}],"wp:featuredmedia":[{"embeddable":true,"href":"https:\/\/cmcbaitboat.be\/index.php?rest_route=\/wp\/v2\/media\/63"}],"wp:attachment":[{"href":"https:\/\/cmcbaitboat.be\/index.php?rest_route=%2Fwp%2Fv2%2Fmedia&parent=70"}],"wp:term":[{"taxonomy":"product_brand","embeddable":true,"href":"https:\/\/cmcbaitboat.be\/index.php?rest_route=%2Fwp%2Fv2%2Fproduct_brand&post=70"},{"taxonomy":"product_cat","embeddable":true,"href":"https:\/\/cmcbaitboat.be\/index.php?rest_route=%2Fwp%2Fv2%2Fproduct_cat&post=70"},{"taxonomy":"product_tag","embeddable":true,"href":"https:\/\/cmcbaitboat.be\/index.php?rest_route=%2Fwp%2Fv2%2Fproduct_tag&post=70"}],"curies":[{"name":"wp","href":"https:\/\/api.w.org\/{rel}","templated":true}]}}